{"id":109,"date":"2021-08-02T23:53:35","date_gmt":"2021-08-02T20:53:35","guid":{"rendered":"https:\/\/www.its-tr.com\/?page_id=109"},"modified":"2021-08-03T01:19:20","modified_gmt":"2021-08-02T22:19:20","slug":"belgelerimiz","status":"publish","type":"page","link":"https:\/\/www.its-tr.com\/en\/belgelerimiz\/","title":{"rendered":"OUR CERTIFICATES"},"content":{"rendered":"<p>Class organizations we are authorized and documents we have.<\/p>\n\n\n\n<figure class=\"wp-block-table aligncenter\"><table class=\"has-fixed-layout\"><tbody><tr><td class=\"has-text-align-center\" data-align=\"center\"><img decoding=\"async\" src=\"http:\/\/www.its-tr.com\/wp-content\/uploads\/2021\/08\/DNV-GL22.png\" alt=\"\"><\/td><td class=\"has-text-align-center\" data-align=\"center\"><img decoding=\"async\" src=\"http:\/\/www.its-tr.com\/wp-content\/uploads\/2021\/08\/bv2.png\" alt=\"\"><\/td><td class=\"has-text-align-center\" data-align=\"center\"><img decoding=\"async\" src=\"http:\/\/www.its-tr.com\/wp-content\/uploads\/2021\/08\/turkloydu2.png\" alt=\"\"><\/td><\/tr><tr><td class=\"has-text-align-center\" data-align=\"center\"><img decoding=\"async\" src=\"http:\/\/www.its-tr.com\/wp-content\/uploads\/2021\/08\/LR2.png\" alt=\"\"><\/td><td class=\"has-text-align-center\" data-align=\"center\"><img decoding=\"async\" src=\"http:\/\/www.its-tr.com\/wp-content\/uploads\/2021\/08\/classnk2.png\" alt=\"\"><\/td><td class=\"has-text-align-center\" data-align=\"center\"><img decoding=\"async\" src=\"http:\/\/www.its-tr.com\/wp-content\/uploads\/2021\/08\/rus-loyd2.png\" alt=\"\"><\/td><\/tr><\/tbody><\/table><\/figure>\n\n\n\n<p class=\"has-custom-weight\" style=\"font-weight:bold;font-size:20px\"><strong><span class=\"uppercase\">QUALITY CERTIFICATES<\/span><\/strong><\/p>\n\n\n\n<figure class=\"wp-block-table aligncenter\"><table class=\"has-fixed-layout\"><tbody><tr><td class=\"has-text-align-center\" data-align=\"center\"><img alt=\"\"><img decoding=\"async\" src=\"https:\/\/www.its-tr.com\/wp-content\/uploads\/2021\/08\/ITS-ISO9001-1-724x1024.png\" alt=\"\"><img alt=\"\"><img alt=\"\"><\/td><\/tr><tr><td class=\"has-text-align-center\" data-align=\"center\"><img decoding=\"async\" src=\"https:\/\/www.its-tr.com\/wp-content\/uploads\/2021\/08\/ITS-Turk-Loydu-Sertifika-724x1024.png\" alt=\"\"><\/td><\/tr><tr><td class=\"has-text-align-center\" data-align=\"center\"><img alt=\"\"><img decoding=\"async\" src=\"https:\/\/www.its-tr.com\/wp-content\/uploads\/2021\/08\/ClassNK-724x1024.png\" alt=\"\"><\/td><\/tr><\/tbody><\/table><\/figure>\n\n\n\n<p><\/p>","protected":false},"excerpt":{"rendered":"<p>Yetkilendirildi\u011fimiz Class kurulu\u015flar\u0131 ve sahip oldu\u011fumuz belgeler. KAL\u0130TE BELGELER\u0130M\u0130Z<\/p>","protected":false},"author":1,"featured_media":0,"parent":0,"menu_order":0,"comment_status":"closed","ping_status":"closed","template":"templates\/template-page-full-width.php","meta":{"_coblocks_attr":"","_coblocks_dimensions":"","_coblocks_responsive_height":"","_coblocks_accordion_ie_support":"","_joinchat":[],"footnotes":""},"class_list":["post-109","page","type-page","status-publish","hentry"],"_links":{"self":[{"href":"https:\/\/www.its-tr.com\/en\/wp-json\/wp\/v2\/pages\/109","targetHints":{"allow":["GET"]}}],"collection":[{"href":"https:\/\/www.its-tr.com\/en\/wp-json\/wp\/v2\/pages"}],"about":[{"href":"https:\/\/www.its-tr.com\/en\/wp-json\/wp\/v2\/types\/page"}],"author":[{"embeddable":true,"href":"https:\/\/www.its-tr.com\/en\/wp-json\/wp\/v2\/users\/1"}],"replies":[{"embeddable":true,"href":"https:\/\/www.its-tr.com\/en\/wp-json\/wp\/v2\/comments?post=109"}],"version-history":[{"count":10,"href":"https:\/\/www.its-tr.com\/en\/wp-json\/wp\/v2\/pages\/109\/revisions"}],"predecessor-version":[{"id":192,"href":"https:\/\/www.its-tr.com\/en\/wp-json\/wp\/v2\/pages\/109\/revisions\/192"}],"wp:attachment":[{"href":"https:\/\/www.its-tr.com\/en\/wp-json\/wp\/v2\/media?parent=109"}],"curies":[{"name":"wp","href":"https:\/\/api.w.org\/{rel}","templated":true}]}}